{"id":1610,"date":"2019-06-27T10:49:40","date_gmt":"2019-06-27T10:49:40","guid":{"rendered":"https:\/\/bhit.basteleien.online\/?page_id=1610"},"modified":"2020-05-20T10:53:29","modified_gmt":"2020-05-20T10:53:29","slug":"bestakustik","status":"publish","type":"page","link":"https:\/\/beinhauer.it\/index.php\/bestakustik\/","title":{"rendered":"bestakustik"},"content":{"rendered":"<p><img loading=\"lazy\" decoding=\"async\" width=\"275\" height=\"130\" src=\"https:\/\/beinhauer.it\/wp-content\/uploads\/2019\/06\/xlogo_7511_img_1552471775_source.jpg.pagespeed.ic_.KkNBbMekIm.jpg\" alt=\"\" \/>\t\t\t\t\t\t\t\t\t\t\t<\/p>\n<h2>best.Akustik &#8211; Die erste Verkaufsgemeinschaft<\/h2>\n<p>\u00a0\u201eim Einkauf liegt der Gewinn\u201c \u2013 diese Aussage ist nat\u00fcrlich richtig. Aber sie ist nur eine Seite der Medaille. Denn nur, wenn Sie Ihre Produkte auch verkaufen, profitieren Sie von g\u00fcnstigen Konditionen im Einkauf.<br \/>Als erste Gemeinschaft der H\u00f6rakustikbranche, die ihren Fokus auf den Verkaufsaspekt legt, ist die BestAkustik GmbH aus Kaufbeuren am 01.12.2018 f\u00fcr die Aufnahme von Mitgliedern offen.<br \/>Bei uns dreht sich alles um starke Verkaufs- und Marketingkonzepte, g\u00fcnstige Einkaufskonditionen, die nachhaltige Aus- und Weiterbildung von Personal sowie den Austausch als Gemeinschaft von gleichgesinnten H\u00f6rakustikern.<br \/>Unser Ziel ist es, inhabergef\u00fchrte Unternehmen in diesen Bereichen durch zukunftsf\u00e4hige und durchdachte Unternehmensstrategien auf ihrem Weg zu begleiten und zu unterst\u00fctzen.<br \/>Warum wir das machen? Weil wir davon \u00fcberzeugt sind, dass man den strukturellen Herausforderungen der Branche nur als starke Gemeinschaft entgegentreten kann.<br \/>Mit unserem Schwesterunternehmen der to.eyes Marketingagentur haben wir einen der st\u00e4rksten Partner im Bereich Werbung an Bord, den Sie sich w\u00fcnschen k\u00f6nnen. N\u00e4here Infos finden sie unter <a href=\"http:\/\/www.to-eyes.de\">www.to-eyes.de<\/a> bereits online.<br \/>Weitere Informationen zur BestAkustik k\u00f6nnen Sie gerne online unter <a href=\"http:\/\/www.best-akustik.de\">www.best-akustik.de<\/a> erfahren oder telefonisch unter der Rufnummer: 08341.9092740<br \/>Ich freue mich auf ein pers\u00f6nliches Gespr\u00e4ch<\/p>\n<p>Ihr Florian Lohmeir<br \/>Gesch\u00e4ftsf\u00fchrer<br \/>BestAkustik GmbH<\/p>\n","protected":false},"excerpt":{"rendered":"<p>best.Akustik &#8211; Die erste Verkaufsgemeinschaft \u00a0\u201eim Einkauf liegt der Gewinn\u201c \u2013 diese Aussage ist nat\u00fcrlich richtig. Aber sie ist nur eine Seite der Medaille. Denn nur, wenn Sie Ihre Produkte &#8230;<\/p>\n","protected":false},"author":1,"featured_media":0,"parent":0,"menu_order":0,"comment_status":"closed","ping_status":"closed","template":"template-fullwidth.php","meta":{"footnotes":""},"class_list":["post-1610","page","type-page","status-publish","hentry"],"jetpack_sharing_enabled":true,"_links":{"self":[{"href":"https:\/\/beinhauer.it\/index.php\/wp-json\/wp\/v2\/pages\/1610","targetHints":{"allow":["GET"]}}],"collection":[{"href":"https:\/\/beinhauer.it\/index.php\/wp-json\/wp\/v2\/pages"}],"about":[{"href":"https:\/\/beinhauer.it\/index.php\/wp-json\/wp\/v2\/types\/page"}],"author":[{"embeddable":true,"href":"https:\/\/beinhauer.it\/index.php\/wp-json\/wp\/v2\/users\/1"}],"replies":[{"embeddable":true,"href":"https:\/\/beinhauer.it\/index.php\/wp-json\/wp\/v2\/comments?post=1610"}],"version-history":[{"count":3,"href":"https:\/\/beinhauer.it\/index.php\/wp-json\/wp\/v2\/pages\/1610\/revisions"}],"predecessor-version":[{"id":1649,"href":"https:\/\/beinhauer.it\/index.php\/wp-json\/wp\/v2\/pages\/1610\/revisions\/1649"}],"wp:attachment":[{"href":"https:\/\/beinhauer.it\/index.php\/wp-json\/wp\/v2\/media?parent=1610"}],"curies":[{"name":"wp","href":"https:\/\/api.w.org\/{rel}","templated":true}]}}